{"id":129,"date":"2018-09-13T14:57:11","date_gmt":"2018-09-13T12:57:11","guid":{"rendered":"http:\/\/www.wm-engineering.pl\/?page_id=129"},"modified":"2018-11-05T14:31:48","modified_gmt":"2018-11-05T13:31:48","slug":"polityka-prywatnosci","status":"publish","type":"page","link":"https:\/\/wm-engineering.pl\/?page_id=129","title":{"rendered":"Polityka prywatno\u015bci WM Engineering S.A."},"content":{"rendered":"<p>Niniejsza Polityka prywatno\u015bci\u00a0 przedstawia zasady informuj\u0105ce U\u017cytkownik\u00f3w serwisu o aspektach pozyskiwania, przetwarzania, wykorzystywania i zabezpieczenia danych o u\u017cytkownikach serwisu. Korzystaj\u0105c z serwisu internetowego WM Engineering S.A.\u00a0 U\u017cytkownicy akceptuj\u0105 zasady poni\u017cszej Polityki prywatno\u015bci. W ramach podstawowych funkcjonalno\u015bci serwisu nie zbieramy i nie obligujemy do przekazywania nam danych osobowych. Administrator danych osobowych jest WM Engineering S.A. Grabiszy\u0144ska 163, 53-439 Wroc\u0142aw, NIP 8943057006 REGON 022525346,<\/p>\n<h2>Jakie dane zbieramy o u\u017cytkowniku?<\/h2>\n<p>Podczas Twojej wizyty nasze serwery automatycznie zapisuj\u0105 anonimowe informacje takie jak, adres IP, rodzaj przegl\u0105darki, itp. Informacje w nich zawarte nie s\u0105 ujawniane nikomu poza osobami upowa\u017cnionymi do administrowania serwerem oraz sieci\u0105. Dodatkowo nasz serwis gromadzi anonimowe dane dotycz\u0105ce odwiedzanych stron takie jak: liczba odwiedzin, przegl\u0105darka, czas wizyty itp.<\/p>\n<h2>W jakich celach przetwarzamy dane zbierane przez cookies?<\/h2>\n<p>Twoje dane zbierane za po\u015brednictwem plik\u00f3w cookies b\u0119d\u0105 przetwarzane w celu dopasowania tre\u015bci strony internetowej, a tak\u017ce wykrywania nadu\u017cy\u0107 oraz pomiar\u00f3w statystycznych. Naszym uzasadnionym interesem jest dopasowanie tre\u015bci strony, zapewnienie bezpiecze\u0144stwa tych us\u0142ug, a tak\u017ce ich ci\u0105g\u0142e udoskonalanie.<\/p>\n<h2>Odbiorcy danych osobowych<\/h2>\n<p>Twoje dane mog\u0105 by\u0107 przekazywane podmiotom przetwarzaj\u0105cym dane osobowe na zlecenie Us\u0142ugodawcy m.in. dostawcom us\u0142ug IT, agencjom marketingowym \u2013 przy czym takie podmioty przetwarzaj\u0105 dane na podstawie umowy z administratorem i wy\u0142\u0105cznie zgodnie z poleceniami administratora.<\/p>\n<h2>Prawa osoby, kt\u00f3rej dane dotycz\u0105:<\/h2>\n<p>Przys\u0142uguj\u0105 Ci nast\u0119puj\u0105ce prawa w zwi\u0105zku z przetwarzaniem przez nas Twoich danych osobowych:<br \/>\n&#8211; prawo dost\u0119pu do Twoich danych, w tym uzyskania kopii danych,<br \/>\n&#8211; prawo \u017c\u0105dania sprostowania danych,<br \/>\n&#8211; prawo \u017c\u0105dania usuni\u0119cia danych,<br \/>\n&#8211; prawo \u017c\u0105dania ograniczenia przetwarzania danych,<\/p>\n<h2>Odno\u015bniki do innych serwis\u00f3w<\/h2>\n<p>Serwis WM Engineering S.A. mo\u017ce zawiera\u0107 odno\u015bniki do innych serwis\u00f3w internetowych oraz komponenty stron zawieraj\u0105ce mechanizmy i tre\u015bci pochodz\u0105ce od dostawc\u00f3w zewn\u0119trznych. Nale\u017cy pami\u0119ta\u0107, \u017ce nie kontrolujemy innych witryn sieci i w ka\u017cdym przypadku, niniejsza Polityka prywatno\u015bci serwisu Internetowego nie ma zastosowania do tych stron. Zach\u0119camy do zapoznania si\u0119 z politykami prywatno\u015bci i zastrze\u017ceniami prawnymi zewn\u0119trznych dostawc\u00f3w<\/p>\n","protected":false},"excerpt":{"rendered":"<p>Niniejsza Polityka prywatno\u015bci\u00a0 przedstawia zasady informuj\u0105ce U\u017cytkownik\u00f3w serwisu o aspektach pozyskiwania, przetwarzania, wykorzystywania i zabezpieczenia danych o u\u017cytkownikach serwisu. Korzystaj\u0105c z serwisu internetowego WM Engineering S.A.\u00a0 U\u017cytkownicy akceptuj\u0105 zasady poni\u017cszej Polityki prywatno\u015bci. W ramach podstawowych funkcjonalno\u015bci serwisu nie zbieramy i nie obligujemy do przekazywania nam danych osobowych. Administrator danych osobowych jest WM Engineering S.A. Grabiszy\u0144ska [&hellip;]<\/p>\n","protected":false},"author":1,"featured_media":0,"parent":0,"menu_order":0,"comment_status":"closed","ping_status":"closed","template":"policy.php","meta":[],"acf":[],"_links":{"self":[{"href":"https:\/\/wm-engineering.pl\/index.php?rest_route=\/wp\/v2\/pages\/129"}],"collection":[{"href":"https:\/\/wm-engineering.pl\/index.php?rest_route=\/wp\/v2\/pages"}],"about":[{"href":"https:\/\/wm-engineering.pl\/index.php?rest_route=\/wp\/v2\/types\/page"}],"author":[{"embeddable":true,"href":"https:\/\/wm-engineering.pl\/index.php?rest_route=\/wp\/v2\/users\/1"}],"replies":[{"embeddable":true,"href":"https:\/\/wm-engineering.pl\/index.php?rest_route=%2Fwp%2Fv2%2Fcomments&post=129"}],"version-history":[{"count":12,"href":"https:\/\/wm-engineering.pl\/index.php?rest_route=\/wp\/v2\/pages\/129\/revisions"}],"predecessor-version":[{"id":228,"href":"https:\/\/wm-engineering.pl\/index.php?rest_route=\/wp\/v2\/pages\/129\/revisions\/228"}],"wp:attachment":[{"href":"https:\/\/wm-engineering.pl\/index.php?rest_route=%2Fwp%2Fv2%2Fmedia&parent=129"}],"curies":[{"name":"wp","href":"https:\/\/api.w.org\/{rel}","templated":true}]}}