{"id":8,"date":"2018-08-29T11:57:29","date_gmt":"2018-08-29T09:57:29","guid":{"rendered":"http:\/\/www.wm-engineering.pl\/?page_id=8"},"modified":"2018-09-13T16:39:17","modified_gmt":"2018-09-13T14:39:17","slug":"8-2","status":"publish","type":"page","link":"https:\/\/wm-engineering.pl\/","title":{"rendered":"Home"},"content":{"rendered":"<div role=\"form\" class=\"wpcf7\" id=\"wpcf7-f144-o1\" lang=\"pl-PL\" dir=\"ltr\">\n<div class=\"screen-reader-response\"><p role=\"status\" aria-live=\"polite\" aria-atomic=\"true\"><\/p> <ul><\/ul><\/div>\n<form action=\"\/index.php?rest_route=%2Fwp%2Fv2%2Fpages%2F8#wpcf7-f144-o1\" method=\"post\" class=\"wpcf7-form init\" novalidate=\"novalidate\" data-status=\"init\">\n<div style=\"display: none;\">\n<input type=\"hidden\" name=\"_wpcf7\" value=\"144\" \/>\n<input type=\"hidden\" name=\"_wpcf7_version\" value=\"5.5.6.1\" \/>\n<input type=\"hidden\" name=\"_wpcf7_locale\" value=\"pl_PL\" \/>\n<input type=\"hidden\" name=\"_wpcf7_unit_tag\" value=\"wpcf7-f144-o1\" \/>\n<input type=\"hidden\" name=\"_wpcf7_container_post\" value=\"0\" \/>\n<input type=\"hidden\" name=\"_wpcf7_posted_data_hash\" value=\"\" \/>\n<\/div>\n<div class=\"contact__form--inputs\">\n<span class=\"contact__form--icon icon-form-user\"><\/span><br \/>\n<span class=\"wpcf7-form-control-wrap fullname\"><input type=\"text\" name=\"fullname\" value=\"\" size=\"40\" class=\"wpcf7-form-control wpcf7-text wpcf7-validates-as-required contact__form--name\" aria-required=\"true\" aria-invalid=\"false\" placeholder=\"Imi\u0119 i Nazwisko\" \/><\/span><br \/>\n<span class=\"contact__form--icon icon-form-envelope\"><\/span><br \/>\n<span class=\"wpcf7-form-control-wrap e-mail\"><input type=\"email\" name=\"e-mail\" value=\"\" size=\"40\" class=\"wpcf7-form-control wpcf7-text wpcf7-email wpcf7-validates-as-required wpcf7-validates-as-email contact__form--mail\" aria-required=\"true\" aria-invalid=\"false\" placeholder=\"Tw\u00f3j E-mail\" \/><\/span><br \/>\n<span class=\"contact__form--icon icon-form-number\"><\/span><br \/>\n<span class=\"wpcf7-form-control-wrap telephone\"><input type=\"tel\" name=\"telephone\" value=\"\" size=\"40\" class=\"wpcf7-form-control wpcf7-text wpcf7-tel wpcf7-validates-as-required wpcf7-validates-as-tel contact__form--tel\" aria-required=\"true\" aria-invalid=\"false\" placeholder=\"Numer Telefonu\" \/><\/span>\n<\/div>\n<p><span class=\"wpcf7-form-control-wrap message\"><textarea name=\"message\" cols=\"40\" rows=\"10\" class=\"wpcf7-form-control wpcf7-textarea contact__form--message\" aria-invalid=\"false\">Tre\u015b\u0107 wiadomo\u015bci<\/textarea><\/span><br \/>\n<span class=\"icon-form-submit\"><\/span><br \/>\n<input type=\"submit\" value=\"Wy\u015blij wiadomo\u015b\u0107\" class=\"wpcf7-form-control has-spinner wpcf7-submit contact__form--submit\" \/><\/p>\n<div id=\"kapec\" class=\"contact__form--captcha\">\n<\/div>\n<div class=\"wpcf7-response-output\" aria-hidden=\"true\"><\/div><\/form><\/div>\n","protected":false},"excerpt":{"rendered":"","protected":false},"author":1,"featured_media":0,"parent":0,"menu_order":0,"comment_status":"closed","ping_status":"closed","template":"homepage.php","meta":[],"acf":[],"_links":{"self":[{"href":"https:\/\/wm-engineering.pl\/index.php?rest_route=\/wp\/v2\/pages\/8"}],"collection":[{"href":"https:\/\/wm-engineering.pl\/index.php?rest_route=\/wp\/v2\/pages"}],"about":[{"href":"https:\/\/wm-engineering.pl\/index.php?rest_route=\/wp\/v2\/types\/page"}],"author":[{"embeddable":true,"href":"https:\/\/wm-engineering.pl\/index.php?rest_route=\/wp\/v2\/users\/1"}],"replies":[{"embeddable":true,"href":"https:\/\/wm-engineering.pl\/index.php?rest_route=%2Fwp%2Fv2%2Fcomments&post=8"}],"version-history":[{"count":4,"href":"https:\/\/wm-engineering.pl\/index.php?rest_route=\/wp\/v2\/pages\/8\/revisions"}],"predecessor-version":[{"id":140,"href":"https:\/\/wm-engineering.pl\/index.php?rest_route=\/wp\/v2\/pages\/8\/revisions\/140"}],"wp:attachment":[{"href":"https:\/\/wm-engineering.pl\/index.php?rest_route=%2Fwp%2Fv2%2Fmedia&parent=8"}],"curies":[{"name":"wp","href":"https:\/\/api.w.org\/{rel}","templated":true}]}}